{"id":15,"date":"2025-08-05T08:44:16","date_gmt":"2025-08-05T08:44:16","guid":{"rendered":"https:\/\/xn--qm-rengring-mgb.dk\/?page_id=15"},"modified":"2025-08-05T12:32:53","modified_gmt":"2025-08-05T12:32:53","slug":"homepage","status":"publish","type":"page","link":"https:\/\/xn--qm-rengring-mgb.dk\/","title":{"rendered":"Homepage"},"content":{"rendered":"\n<p><\/p>\n\n\n\n<p><\/p>\n\n\n\n<p>Vi leverer professionel reng\u00f8ring med h\u00f8j kvalitet og ansvarlighed. Uanset om det drejer sig om kontorer, f\u00e6llesomr\u00e5der, supermarkeder, skoler eller b\u00f8rnehaver, g\u00e5r vi aldrig p\u00e5 kompromis med renlighed og hygiejne. <\/p>\n\n\n\n<p>Vi har stor erfaring med reng\u00f8ring i milj\u00f8er med mange mennesker og h\u00f8je krav til b\u00e5de sikkerhed og pr\u00e6cision. <\/p>\n\n\n\n<p>I supermarkeder sikrer vi rene og pr\u00e6sentable omgivelser for b\u00e5de kunder og ansatte. b\u00f8rnehaver og skoler l\u00e6gger vi s\u00e6rlig v\u00e6gt p\u00e5 hygiejne og sk\u00e5nsomme reng\u00f8ringsmetoder, s\u00e5 b\u00f8rn o unge kan f\u00e6rdes trygt i deres daglige milj\u00f8.<\/p>\n\n\n\n<p>Vores medarbejdere f\u00e5r ros for deres grundighed og engagement, og vi har desuden ansvar for opl\u00e6ring nye kolleger, s\u00e5 vores kvalitet og standarder altid er i top.<\/p>\n\n\n\n<p><\/p>\n","protected":false},"excerpt":{"rendered":"<p>Vi leverer professionel reng\u00f8ring med h\u00f8j kvalitet og ansvarlighed. Uanset om det drejer sig om kontorer, f\u00e6llesomr\u00e5der, supermarkeder, skoler eller b\u00f8rnehaver, g\u00e5r vi aldrig p\u00e5 kompromis med renlighed og hygiejne. Vi har stor erfaring med reng\u00f8ring i milj\u00f8er med mange mennesker og h\u00f8je krav til b\u00e5de sikkerhed og pr\u00e6cision. I supermarkeder sikrer vi rene og &hellip; <\/p>\n<p class=\"link-more\"><a href=\"https:\/\/xn--qm-rengring-mgb.dk\/\" class=\"more-link\">L\u00e6s mere<span class=\"screen-reader-text\"> \u201cHomepage\u201d<\/span><\/a><\/p>\n","protected":false},"author":1,"featured_media":0,"parent":0,"menu_order":0,"comment_status":"closed","ping_status":"closed","template":"page-templates\/homepage-builder-bb.php","meta":{"footnotes":""},"class_list":["post-15","page","type-page","status-publish","hentry"],"_links":{"self":[{"href":"https:\/\/xn--qm-rengring-mgb.dk\/index.php?rest_route=\/wp\/v2\/pages\/15","targetHints":{"allow":["GET"]}}],"collection":[{"href":"https:\/\/xn--qm-rengring-mgb.dk\/index.php?rest_route=\/wp\/v2\/pages"}],"about":[{"href":"https:\/\/xn--qm-rengring-mgb.dk\/index.php?rest_route=\/wp\/v2\/types\/page"}],"author":[{"embeddable":true,"href":"https:\/\/xn--qm-rengring-mgb.dk\/index.php?rest_route=\/wp\/v2\/users\/1"}],"replies":[{"embeddable":true,"href":"https:\/\/xn--qm-rengring-mgb.dk\/index.php?rest_route=%2Fwp%2Fv2%2Fcomments&post=15"}],"version-history":[{"count":6,"href":"https:\/\/xn--qm-rengring-mgb.dk\/index.php?rest_route=\/wp\/v2\/pages\/15\/revisions"}],"predecessor-version":[{"id":64,"href":"https:\/\/xn--qm-rengring-mgb.dk\/index.php?rest_route=\/wp\/v2\/pages\/15\/revisions\/64"}],"wp:attachment":[{"href":"https:\/\/xn--qm-rengring-mgb.dk\/index.php?rest_route=%2Fwp%2Fv2%2Fmedia&parent=15"}],"curies":[{"name":"wp","href":"https:\/\/api.w.org\/{rel}","templated":true}]}}